{"id":2153,"date":"2024-03-08T12:31:59","date_gmt":"2024-03-08T12:31:59","guid":{"rendered":"https:\/\/momsaction.com\/blog\/"},"modified":"2024-07-08T03:20:50","modified_gmt":"2024-07-08T03:20:50","slug":"blog","status":"publish","type":"page","link":"https:\/\/momsaction.com\/en\/blog\/","title":{"rendered":"Blog"},"content":{"rendered":"\t\t<div data-elementor-type=\"wp-page\" data-elementor-id=\"2153\" class=\"elementor elementor-2153 elementor-1261\" data-elementor-post-type=\"page\">\n\t\t\t\t<div class=\"elementor-element elementor-element-4f89347 e-flex e-con-boxed e-con e-parent\" data-id=\"4f89347\" data-element_type=\"container\" data-e-type=\"container\">\n\t\t\t\t\t<div class=\"e-con-inner\">\n\t\t\t\t<div class=\"elementor-element elementor-element-807501d elementor-widget elementor-widget-cv-grid-blog-post-layout\" data-id=\"807501d\" data-element_type=\"widget\" data-e-type=\"widget\" data-widget_type=\"cv-grid-blog-post-layout.default\">\n\t\t\t\t<div class=\"elementor-widget-container\">\n\t\t\t\t\t<div id=\"cv-grid-post-layout\" class=\"block-807501d cv-block cv-block-grid--layout-two\">    <div class=\"cv-post-wrapper cv-post--imagemargin column--two\">\r\n                        <article post-id=\"post-2513\" class=\"cv-post post-format--standard cv-icon\" itemscope itemtype=\"http:\/\/schema.org\/articleBody\">\r\n                    <div class=\"cv-post-thumb\">\r\n                        <a href=\"https:\/\/momsaction.com\/en\/momsaction2025\/\"><img decoding=\"async\" src=\"https:\/\/momsaction.com\/wp-content\/uploads\/2025\/05\/2025-MOMS-ACTION-Flyer-5.png\" alt=\"MOMS&#8217; Action 2025: When creativity becomes a path to mental well-being\"\/><\/a>\r\n                        <div class=\"cv-post-cats-wrap\"><span class=\"cv-post-cat\"><a href=\"https:\/\/momsaction.com\/en\/category\/general-en\/\">General<\/a><\/span><span class=\"cv-post-cat\"><a href=\"https:\/\/momsaction.com\/en\/category\/health-en\/\">Health<\/a><\/span><span class=\"cv-post-cat\"><a href=\"https:\/\/momsaction.com\/en\/category\/innovation-en\/\">Innovation<\/a><\/span><span class=\"cv-post-cat\"><a href=\"https:\/\/momsaction.com\/en\/category\/motivation-en\/\">Motivation<\/a><\/span><span class=\"cv-post-cat\"><a href=\"https:\/\/momsaction.com\/en\/category\/networking-en\/\">Networking<\/a><\/span><\/div>                    <\/div>\r\n                    <div class=\"cv-post-meta cv-meta-icon-show\">\r\n                        <span class=\"cv-post-date cv-post-meta-item\" itemprop=\"datePublished\"><a href=\"https:\/\/momsaction.com\/en\/momsaction2025\/\">May 24, 2025<\/a><\/span><span class=\"cv-post-comments-wrap cv-post-meta-item\"><a href=\"https:\/\/momsaction.com\/en\/momsaction2025\/\/#comments\">0<span class=\"cv-comment-txt\">Comments<\/span><\/a><\/span><span class=\"cv-post-author-name cv-post-meta-item\" itemprop=\"author\">By:<a href=\"https:\/\/momsaction.com\/en\/author\/ncpnstmy\/\">Nicanor Mass\u00e9 Bakehe<\/a><\/span>                    <\/div>\r\n                    <h2 class=\"cv-post-title\">\r\n                        <a href=\"https:\/\/momsaction.com\/en\/momsaction2025\/\" target=\"_self\">\r\n                            MOMS&#8217; Action 2025: When creativity becomes a path to mental well-being                        <\/a>\r\n                    <\/h2>\r\n\r\n                    <div class=\"cv-post-content\" itemprop=\"description\">On May 24, 2025, MOMS' Action brought together inspiring women around the theme of \"Creativity for Mental Wellbeing\", in a day rich in exchanges, interactive workshops and human connections. This unique event proved that creativity is a powerful force for healing, self-expression&hellip;<\/div>                    <div class=\"cv-read-more\"><a href=https:\/\/momsaction.com\/en\/momsaction2025\/>Lire plus<i class=\"fas fa-arrow-right\"><\/i><\/a><\/div>                <\/article>\r\n                        <article post-id=\"post-2199\" class=\"cv-post post-format--standard cv-icon\" itemscope itemtype=\"http:\/\/schema.org\/articleBody\">\r\n                    <div class=\"cv-post-thumb\">\r\n                        <a href=\"https:\/\/momsaction.com\/en\/moms-and-graduation\/\"><img decoding=\"async\" src=\"https:\/\/momsaction.com\/wp-content\/uploads\/2024\/07\/Maman-et-Graduations.jpg\" alt=\"Moms and Graduation\"\/><\/a>\r\n                        <div class=\"cv-post-cats-wrap\"><span class=\"cv-post-cat\"><a href=\"https:\/\/momsaction.com\/en\/category\/general-en\/\">General<\/a><\/span><span class=\"cv-post-cat\"><a href=\"https:\/\/momsaction.com\/en\/category\/motivation-en\/\">Motivation<\/a><\/span><\/div>                    <\/div>\r\n                    <div class=\"cv-post-meta cv-meta-icon-show\">\r\n                        <span class=\"cv-post-date cv-post-meta-item\" itemprop=\"datePublished\"><a href=\"https:\/\/momsaction.com\/en\/moms-and-graduation\/\">July 1, 2024<\/a><\/span><span class=\"cv-post-comments-wrap cv-post-meta-item\"><a href=\"https:\/\/momsaction.com\/en\/moms-and-graduation\/\/#comments\">0<span class=\"cv-comment-txt\">Comments<\/span><\/a><\/span><span class=\"cv-post-author-name cv-post-meta-item\" itemprop=\"author\">By:<a href=\"https:\/\/momsaction.com\/en\/author\/ncpnstmy\/\">Nicanor Mass\u00e9 Bakehe<\/a><\/span>                    <\/div>\r\n                    <h2 class=\"cv-post-title\">\r\n                        <a href=\"https:\/\/momsaction.com\/en\/moms-and-graduation\/\" target=\"_self\">\r\n                            Moms and Graduation                        <\/a>\r\n                    <\/h2>\r\n\r\n                    <div class=\"cv-post-content\" itemprop=\"description\">In June, MOMS' ACTION celebrates the graduations of children and mothers, recognizing their efforts and achievements. Children mark important educational milestones, while moms are honored for their inspiring journeys in education, work and family management. This community event strengthens bonds, provides networking&hellip;<\/div>                    <div class=\"cv-read-more\"><a href=https:\/\/momsaction.com\/en\/moms-and-graduation\/>Lire plus<i class=\"fas fa-arrow-right\"><\/i><\/a><\/div>                <\/article>\r\n                        <article post-id=\"post-2423\" class=\"cv-post post-format--standard cv-icon\" itemscope itemtype=\"http:\/\/schema.org\/articleBody\">\r\n                    <div class=\"cv-post-thumb\">\r\n                        <a href=\"https:\/\/momsaction.com\/en\/accompanying-your-child-to-university\/\"><img decoding=\"async\" src=\"https:\/\/momsaction.com\/wp-content\/uploads\/2024\/09\/IMG-20240905-WA0003.jpg\" alt=\"Accompanying your child to university\"\/><\/a>\r\n                        <div class=\"cv-post-cats-wrap\"><span class=\"cv-post-cat\"><a href=\"https:\/\/momsaction.com\/en\/category\/general-en\/\">General<\/a><\/span><span class=\"cv-post-cat\"><a href=\"https:\/\/momsaction.com\/en\/category\/guide-en\/\">Guide<\/a><\/span><\/div>                    <\/div>\r\n                    <div class=\"cv-post-meta cv-meta-icon-show\">\r\n                        <span class=\"cv-post-date cv-post-meta-item\" itemprop=\"datePublished\"><a href=\"https:\/\/momsaction.com\/en\/accompanying-your-child-to-university\/\">September 5, 2024<\/a><\/span><span class=\"cv-post-comments-wrap cv-post-meta-item\"><a href=\"https:\/\/momsaction.com\/en\/accompanying-your-child-to-university\/\/#comments\">0<span class=\"cv-comment-txt\">Comments<\/span><\/a><\/span><span class=\"cv-post-author-name cv-post-meta-item\" itemprop=\"author\">By:<a href=\"https:\/\/momsaction.com\/en\/author\/ncpnstmy\/\">Nicanor Mass\u00e9 Bakehe<\/a><\/span>                    <\/div>\r\n                    <h2 class=\"cv-post-title\">\r\n                        <a href=\"https:\/\/momsaction.com\/en\/accompanying-your-child-to-university\/\" target=\"_self\">\r\n                            Accompanying your child to university                        <\/a>\r\n                    <\/h2>\r\n\r\n                    <div class=\"cv-post-content\" itemprop=\"description\">When my child left home, a strange tranquility set in, transforming everyday life into an unusually calm space. You might feel the same way, and that's perfectly normal. Faced with this silence, it becomes essential to redefine your routine. Maybe this is&hellip;<\/div>                    <div class=\"cv-read-more\"><a href=https:\/\/momsaction.com\/en\/accompanying-your-child-to-university\/>Lire plus<i class=\"fas fa-arrow-right\"><\/i><\/a><\/div>                <\/article>\r\n                        <article post-id=\"post-2415\" class=\"cv-post post-format--standard cv-icon\" itemscope itemtype=\"http:\/\/schema.org\/articleBody\">\r\n                    <div class=\"cv-post-thumb\">\r\n                        <a href=\"https:\/\/momsaction.com\/en\/moms-and-summer-holidays\/\"><img decoding=\"async\" src=\"https:\/\/momsaction.com\/wp-content\/uploads\/2024\/07\/IMG-20240721-WA0016.jpg\" alt=\"Moms and Summer Holidays\"\/><\/a>\r\n                        <div class=\"cv-post-cats-wrap\"><span class=\"cv-post-cat\"><a href=\"https:\/\/momsaction.com\/en\/category\/general-en\/\">General<\/a><\/span><\/div>                    <\/div>\r\n                    <div class=\"cv-post-meta cv-meta-icon-show\">\r\n                        <span class=\"cv-post-date cv-post-meta-item\" itemprop=\"datePublished\"><a href=\"https:\/\/momsaction.com\/en\/moms-and-summer-holidays\/\">July 28, 2024<\/a><\/span><span class=\"cv-post-comments-wrap cv-post-meta-item\"><a href=\"https:\/\/momsaction.com\/en\/moms-and-summer-holidays\/\/#comments\">0<span class=\"cv-comment-txt\">Comments<\/span><\/a><\/span><span class=\"cv-post-author-name cv-post-meta-item\" itemprop=\"author\">By:<a href=\"https:\/\/momsaction.com\/en\/author\/ncpnstmy\/\">Nicanor Mass\u00e9 Bakehe<\/a><\/span>                    <\/div>\r\n                    <h2 class=\"cv-post-title\">\r\n                        <a href=\"https:\/\/momsaction.com\/en\/moms-and-summer-holidays\/\" target=\"_self\">\r\n                            Moms and Summer Holidays                        <\/a>\r\n                    <\/h2>\r\n\r\n                    <div class=\"cv-post-content\" itemprop=\"description\">Summer has finally arrived, bringing with it sunny days and memorable family moments. For moms, this season can be both promising and challenging, between managing schedules and planning activities. However, with the right organization and a few tricks up your sleeve, you&hellip;<\/div>                    <div class=\"cv-read-more\"><a href=https:\/\/momsaction.com\/en\/moms-and-summer-holidays\/>Lire plus<i class=\"fas fa-arrow-right\"><\/i><\/a><\/div>                <\/article>\r\n                        <article post-id=\"post-2160\" class=\"cv-post post-format--standard cv-icon\" itemscope itemtype=\"http:\/\/schema.org\/articleBody\">\r\n                    <div class=\"cv-post-thumb\">\r\n                        <a href=\"https:\/\/momsaction.com\/en\/building-community-how-can-moms-create-support-networks-for-social-change\/\"><img decoding=\"async\" src=\"https:\/\/momsaction.com\/wp-content\/uploads\/2024\/05\/Mothers-in-Network.jpg\" alt=\"Building community: How can moms create support networks for social change?\"\/><\/a>\r\n                        <div class=\"cv-post-cats-wrap\"><span class=\"cv-post-cat\"><a href=\"https:\/\/momsaction.com\/en\/category\/general-en\/\">General<\/a><\/span><span class=\"cv-post-cat\"><a href=\"https:\/\/momsaction.com\/en\/category\/networking-en\/\">Networking<\/a><\/span><\/div>                    <\/div>\r\n                    <div class=\"cv-post-meta cv-meta-icon-show\">\r\n                        <span class=\"cv-post-date cv-post-meta-item\" itemprop=\"datePublished\"><a href=\"https:\/\/momsaction.com\/en\/building-community-how-can-moms-create-support-networks-for-social-change\/\">May 22, 2024<\/a><\/span><span class=\"cv-post-comments-wrap cv-post-meta-item\"><a href=\"https:\/\/momsaction.com\/en\/building-community-how-can-moms-create-support-networks-for-social-change\/\/#comments\">0<span class=\"cv-comment-txt\">Comments<\/span><\/a><\/span><span class=\"cv-post-author-name cv-post-meta-item\" itemprop=\"author\">By:<a href=\"https:\/\/momsaction.com\/en\/author\/ncpnstmy\/\">Nicanor Mass\u00e9 Bakehe<\/a><\/span>                    <\/div>\r\n                    <h2 class=\"cv-post-title\">\r\n                        <a href=\"https:\/\/momsaction.com\/en\/building-community-how-can-moms-create-support-networks-for-social-change\/\" target=\"_self\">\r\n                            Building community: How can moms create support networks for social change?                        <\/a>\r\n                    <\/h2>\r\n\r\n                    <div class=\"cv-post-content\" itemprop=\"description\">In the journey of motherhood, it's essential to connect and build a supportive community to share joys, challenges and aspirations. When united by a shared passion for social change, moms can amplify their voices and become catalysts for transformation. To achieve this,&hellip;<\/div>                    <div class=\"cv-read-more\"><a href=https:\/\/momsaction.com\/en\/building-community-how-can-moms-create-support-networks-for-social-change\/>Lire plus<i class=\"fas fa-arrow-right\"><\/i><\/a><\/div>                <\/article>\r\n            <\/div><\/div>\t\t\t\t<\/div>\n\t\t\t\t<\/div>\n\t\t\t\t\t<\/div>\n\t\t\t\t<\/div>\n\t\t\t\t<\/div>\n\t\t","protected":false},"excerpt":{"rendered":"<p>GeneralMotivation juillet 1, 20240CommentsBy:Nicanor Mamans et Graduation En juin, MOMS&#8217; ACTION c\u00e9l\u00e8bre les graduations des enfants et des mamans, reconnaissant leurs efforts et r\u00e9ussites. Les enfants marquent des jalons \u00e9ducatifs importants tandis que les mamans sont honor\u00e9es pour leurs parcours inspirants dans l&#8217;\u00e9ducation, le travail et la gestion familiale.\u2026 Lire plus GeneralNetworking mai 22, 20246CommentsBy:Nicanor [&hellip;]<\/p>\n","protected":false},"author":1,"featured_media":0,"parent":0,"menu_order":0,"comment_status":"closed","ping_status":"closed","template":"","meta":{"nf_dc_page":"","_uag_custom_page_level_css":"","footnotes":""},"class_list":["post-2153","page","type-page","status-publish","hentry"],"blocksy_meta":[],"uagb_featured_image_src":{"full":false,"thumbnail":false,"medium":false,"medium_large":false,"large":false,"1536x1536":false,"2048x2048":false},"uagb_author_info":{"display_name":"Nicanor Mass\u00e9 Bakehe","author_link":"https:\/\/momsaction.com\/en\/author\/ncpnstmy\/"},"uagb_comment_info":0,"uagb_excerpt":"GeneralMotivation juillet 1, 20240CommentsBy:Nicanor Mamans et Graduation En juin, MOMS&#8217; ACTION c\u00e9l\u00e8bre les graduations des enfants et des mamans, reconnaissant leurs efforts et r\u00e9ussites. Les enfants marquent des jalons \u00e9ducatifs importants tandis que les mamans sont honor\u00e9es pour leurs parcours inspirants dans l&#8217;\u00e9ducation, le travail et la gestion familiale.\u2026 Lire plus GeneralNetworking mai 22, 20246CommentsBy:Nicanor&hellip;","blog_post_layout_featured_media_urls":{"thumbnail":"","full":""},"categories_names":null,"comments_number":"0","_links":{"self":[{"href":"https:\/\/momsaction.com\/en\/wp-json\/wp\/v2\/pages\/2153","targetHints":{"allow":["GET"]}}],"collection":[{"href":"https:\/\/momsaction.com\/en\/wp-json\/wp\/v2\/pages"}],"about":[{"href":"https:\/\/momsaction.com\/en\/wp-json\/wp\/v2\/types\/page"}],"author":[{"embeddable":true,"href":"https:\/\/momsaction.com\/en\/wp-json\/wp\/v2\/users\/1"}],"replies":[{"embeddable":true,"href":"https:\/\/momsaction.com\/en\/wp-json\/wp\/v2\/comments?post=2153"}],"version-history":[{"count":2,"href":"https:\/\/momsaction.com\/en\/wp-json\/wp\/v2\/pages\/2153\/revisions"}],"predecessor-version":[{"id":2207,"href":"https:\/\/momsaction.com\/en\/wp-json\/wp\/v2\/pages\/2153\/revisions\/2207"}],"wp:attachment":[{"href":"https:\/\/momsaction.com\/en\/wp-json\/wp\/v2\/media?parent=2153"}],"curies":[{"name":"wp","href":"https:\/\/api.w.org\/{rel}","templated":true}]}}